{"id":553,"date":"2021-03-21T20:19:30","date_gmt":"2021-03-21T19:19:30","guid":{"rendered":"https:\/\/profikomglass.sk\/referenciak\/"},"modified":"2021-10-18T11:10:37","modified_gmt":"2021-10-18T09:10:37","slug":"referenciak","status":"publish","type":"page","link":"https:\/\/profikomglass.sk\/hu\/referenciak\/","title":{"rendered":"Referenci\u00e1k"},"content":{"rendered":"<p>[et_pb_section fb_built=&#8221;1&#8243; next_background_color=&#8221;#ffffff&#8221; admin_label=&#8221;Sliding&#8221; module_id=&#8221;referencie&#8221; _builder_version=&#8221;4.9.0&#8243; use_background_color_gradient=&#8221;on&#8221; background_color_gradient_start=&#8221;rgba(0,0,0,0.5)&#8221; background_color_gradient_end=&#8221;rgba(0,0,0,0.5)&#8221; background_color_gradient_overlays_image=&#8221;on&#8221; background_image=&#8221;https:\/\/profikomglass.sk\/wp-content\/uploads\/2021\/02\/05m-isotra-1.jpg&#8221; custom_padding=&#8221;8vw||||false|false&#8221; top_divider_color=&#8221;#FFFFFF&#8221; top_divider_height=&#8221;70px&#8221; top_divider_flip=&#8221;horizontal&#8221; top_divider_height_tablet=&#8221;30px&#8221; top_divider_height_phone=&#8221;15px&#8221; top_divider_height_last_edited=&#8221;on|tablet&#8221; bottom_divider_style=&#8221;slant&#8221; bottom_divider_height=&#8221;70px&#8221; bottom_divider_height_tablet=&#8221;30px&#8221; bottom_divider_height_phone=&#8221;15px&#8221; bottom_divider_height_last_edited=&#8221;on|desktop&#8221;][et_pb_row _builder_version=&#8221;4.4.8&#8243; custom_margin=&#8221;5vw||||false|false&#8221;][et_pb_column type=&#8221;4_4&#8243; _builder_version=&#8221;4.4.8&#8243;][et_pb_image src=&#8221;https:\/\/profikomglass.sk\/wp-content\/uploads\/2021\/03\/header_text_referenciak.png&#8221; title_text=&#8221;header_text_referencie&#8221; show_bottom_space=&#8221;off&#8221; _builder_version=&#8221;4.9.0&#8243; custom_padding=&#8221;||||false|false&#8221; scroll_horizontal_motion_enable=&#8221;on&#8221; scroll_horizontal_motion=&#8221;0|50|50|100|10|0|-5&#8243;][\/et_pb_image][\/et_pb_column][\/et_pb_row][\/et_pb_section][et_pb_section fb_built=&#8221;1&#8243; admin_label=&#8221;Gallery&#8221; _builder_version=&#8221;4.4.8&#8243; custom_padding=&#8221;||90px|||&#8221;][et_pb_row _builder_version=&#8221;4.4.8&#8243; custom_padding=&#8221;0px||0px|||&#8221; locked=&#8221;off&#8221;][et_pb_column type=&#8221;4_4&#8243; _builder_version=&#8221;4.4.8&#8243;][et_pb_image src=&#8221;https:\/\/profikomglass.sk\/wp-content\/uploads\/2021\/02\/renovation-19.png&#8221; title_text=&#8221;renovation-19&#8243; admin_label=&#8221;Image&#8221; _builder_version=&#8221;4.4.8&#8243; positioning=&#8221;absolute&#8221; position_origin_a=&#8221;bottom_right&#8221; vertical_offset=&#8221;-40px&#8221; horizontal_offset=&#8221;-40px&#8221; custom_margin=&#8221;||0px||false|false&#8221; scroll_rotating_enable=&#8221;on&#8221; scroll_rotating=&#8221;0|50|50|100|45\u00b0|0|-45\u00b0&#8221; locked=&#8221;off&#8221;][\/et_pb_image][\/et_pb_column][\/et_pb_row][et_pb_row _builder_version=&#8221;4.4.8&#8243;][et_pb_column type=&#8221;4_4&#8243; _builder_version=&#8221;4.4.8&#8243;][et_pb_text _builder_version=&#8221;4.9.0&#8243; header_2_font=&#8221;Kanit|700|||||||&#8221; header_2_text_color=&#8221;#000000&#8243; header_2_font_size=&#8221;48px&#8221; header_2_line_height=&#8221;1.1em&#8221; text_orientation=&#8221;center&#8221; header_2_font_size_tablet=&#8221;32px&#8221; header_2_font_size_phone=&#8221;22px&#8221; header_2_font_size_last_edited=&#8221;on|phone&#8221; locked=&#8221;off&#8221;]<\/p>\n<h2>Munk\u00e1k, melyekre b\u00fcszk\u00e9k vagyunk<\/h2>\n<p>[\/et_pb_text][\/et_pb_column][\/et_pb_row][et_pb_row column_structure=&#8221;1_2,1_2&#8243; _builder_version=&#8221;4.9.2&#8243; _module_preset=&#8221;default&#8221; custom_padding=&#8221;||82px|||&#8221;][et_pb_column type=&#8221;1_2&#8243; _builder_version=&#8221;4.9.2&#8243; _module_preset=&#8221;default&#8221;][et_pb_gallery gallery_ids=&#8221;912,914&#8243; orientation=&#8221;portrait&#8221; show_title_and_caption=&#8221;off&#8221; _builder_version=&#8221;4.9.2&#8243; _module_preset=&#8221;default&#8221;][\/et_pb_gallery][\/et_pb_column][et_pb_column type=&#8221;1_2&#8243; _builder_version=&#8221;4.9.2&#8243; _module_preset=&#8221;default&#8221;][et_pb_gallery gallery_ids=&#8221;908,910&#8243; orientation=&#8221;portrait&#8221; show_title_and_caption=&#8221;off&#8221; _builder_version=&#8221;4.9.2&#8243; _module_preset=&#8221;default&#8221;][\/et_pb_gallery][\/et_pb_column][\/et_pb_row][et_pb_row use_custom_gutter=&#8221;on&#8221; gutter_width=&#8221;2&#8243; _builder_version=&#8221;4.9.0&#8243;][et_pb_column type=&#8221;4_4&#8243; _builder_version=&#8221;4.4.8&#8243;][et_pb_gallery gallery_ids=&#8221;930,932,928,926&#8243; orientation=&#8221;portrait&#8221; show_title_and_caption=&#8221;off&#8221; _builder_version=&#8221;4.9.2&#8243; _module_preset=&#8221;default&#8221; custom_padding=&#8221;||80px|||&#8221;][\/et_pb_gallery][et_pb_gallery gallery_ids=&#8221;924,916,908,922,918&#8243; orientation=&#8221;portrait&#8221; show_title_and_caption=&#8221;off&#8221; _builder_version=&#8221;4.9.2&#8243; _module_preset=&#8221;default&#8221; custom_margin=&#8221;||50px|||&#8221;][\/et_pb_gallery][et_pb_gallery gallery_ids=&#8221;692,713,712,711,710,709,708,707,706,705,704,703,702,701,700,699,698,697,696,695,694,693&#8243; orientation=&#8221;portrait&#8221; show_title_and_caption=&#8221;off&#8221; _builder_version=&#8221;4.9.0&#8243; _module_preset=&#8221;default&#8221;][\/et_pb_gallery][\/et_pb_column][\/et_pb_row][et_pb_row use_custom_gutter=&#8221;on&#8221; gutter_width=&#8221;2&#8243; _builder_version=&#8221;4.9.0&#8243;][et_pb_column type=&#8221;4_4&#8243; _builder_version=&#8221;4.4.8&#8243;][et_pb_gallery gallery_ids=&#8221;714,735,734,733,732,731,730,729,728,727,726,725,724,723,722,721,720,719,718,717,716,715&#8243; orientation=&#8221;portrait&#8221; show_title_and_caption=&#8221;off&#8221; _builder_version=&#8221;4.9.0&#8243; _module_preset=&#8221;default&#8221;][\/et_pb_gallery][\/et_pb_column][\/et_pb_row][et_pb_row use_custom_gutter=&#8221;on&#8221; gutter_width=&#8221;2&#8243; _builder_version=&#8221;4.9.0&#8243;][et_pb_column type=&#8221;4_4&#8243; _builder_version=&#8221;4.4.8&#8243;][et_pb_gallery gallery_ids=&#8221;736,739,738,737&#8243; orientation=&#8221;portrait&#8221; show_title_and_caption=&#8221;off&#8221; _builder_version=&#8221;4.9.0&#8243; _module_preset=&#8221;default&#8221;][\/et_pb_gallery][\/et_pb_column][\/et_pb_row][et_pb_row use_custom_gutter=&#8221;on&#8221; gutter_width=&#8221;2&#8243; _builder_version=&#8221;4.9.0&#8243; custom_margin=&#8221;80px|auto||auto||&#8221;][et_pb_column type=&#8221;4_4&#8243; _builder_version=&#8221;4.4.8&#8243;][et_pb_gallery gallery_ids=&#8221;740,776,775,774,773,772,771,770,769,768,767,766,765,764,763,762,761,760,759,758,757,756,755,754,753,752,751,750,749,748,747,746,745,744,743,742,741&#8243; orientation=&#8221;portrait&#8221; show_title_and_caption=&#8221;off&#8221; _builder_version=&#8221;4.9.0&#8243; _module_preset=&#8221;default&#8221;][\/et_pb_gallery][\/et_pb_column][\/et_pb_row][et_pb_row use_custom_gutter=&#8221;on&#8221; gutter_width=&#8221;2&#8243; _builder_version=&#8221;4.9.0&#8243; custom_margin=&#8221;-3px|auto||auto||&#8221;][et_pb_column type=&#8221;4_4&#8243; _builder_version=&#8221;4.4.8&#8243;][et_pb_gallery gallery_ids=&#8221;777,783,782,781,780,779,778&#8243; orientation=&#8221;portrait&#8221; show_title_and_caption=&#8221;off&#8221; _builder_version=&#8221;4.9.0&#8243; _module_preset=&#8221;default&#8221;][\/et_pb_gallery][\/et_pb_column][\/et_pb_row][et_pb_row use_custom_gutter=&#8221;on&#8221; gutter_width=&#8221;2&#8243; _builder_version=&#8221;4.9.0&#8243; custom_margin=&#8221;-3px|auto||auto||&#8221;][et_pb_column type=&#8221;4_4&#8243; _builder_version=&#8221;4.4.8&#8243;][et_pb_gallery gallery_ids=&#8221;556,558,560,564,562,566,568,570&#8243; orientation=&#8221;portrait&#8221; show_title_and_caption=&#8221;off&#8221; _builder_version=&#8221;4.9.0&#8243; _module_preset=&#8221;default&#8221;][\/et_pb_gallery][\/et_pb_column][\/et_pb_row][et_pb_row use_custom_gutter=&#8221;on&#8221; gutter_width=&#8221;2&#8243; _builder_version=&#8221;4.9.0&#8243; custom_margin=&#8221;-3px|auto||auto||&#8221;][et_pb_column type=&#8221;4_4&#8243; _builder_version=&#8221;4.4.8&#8243;][et_pb_gallery gallery_ids=&#8221;784,785,786,787,788,789,790,791,792,793,794,795,796,797,798&#8243; orientation=&#8221;portrait&#8221; show_title_and_caption=&#8221;off&#8221; _builder_version=&#8221;4.9.0&#8243; _module_preset=&#8221;default&#8221;][\/et_pb_gallery][\/et_pb_column][\/et_pb_row][et_pb_row use_custom_gutter=&#8221;on&#8221; gutter_width=&#8221;2&#8243; _builder_version=&#8221;4.9.0&#8243; custom_margin=&#8221;-3px|auto||auto||&#8221;][et_pb_column type=&#8221;4_4&#8243; _builder_version=&#8221;4.4.8&#8243;][et_pb_gallery gallery_ids=&#8221;799,800,801,802,803,804,805,806,807,808,809,810,811,812,813,814,815,816,817,818,819,820,821,822,823,824&#8243; orientation=&#8221;portrait&#8221; show_title_and_caption=&#8221;off&#8221; _builder_version=&#8221;4.9.0&#8243; _module_preset=&#8221;default&#8221;][\/et_pb_gallery][\/et_pb_column][\/et_pb_row][et_pb_row use_custom_gutter=&#8221;on&#8221; gutter_width=&#8221;2&#8243; _builder_version=&#8221;4.9.0&#8243; custom_margin=&#8221;-3px|auto||auto||&#8221; custom_padding=&#8221;||80px|||&#8221;][et_pb_column type=&#8221;4_4&#8243; _builder_version=&#8221;4.4.8&#8243;][et_pb_gallery gallery_ids=&#8221;825,826,827,828&#8243; orientation=&#8221;portrait&#8221; show_title_and_caption=&#8221;off&#8221; _builder_version=&#8221;4.9.0&#8243; _module_preset=&#8221;default&#8221;][\/et_pb_gallery][\/et_pb_column][\/et_pb_row][et_pb_row use_custom_gutter=&#8221;on&#8221; gutter_width=&#8221;2&#8243; _builder_version=&#8221;4.9.0&#8243; custom_margin=&#8221;-3px|auto||auto||&#8221; custom_padding=&#8221;||80px|||&#8221;][et_pb_column type=&#8221;4_4&#8243; _builder_version=&#8221;4.4.8&#8243;][et_pb_gallery gallery_ids=&#8221;829,830&#8243; orientation=&#8221;portrait&#8221; show_title_and_caption=&#8221;off&#8221; _builder_version=&#8221;4.9.0&#8243; _module_preset=&#8221;default&#8221;][\/et_pb_gallery][\/et_pb_column][\/et_pb_row][et_pb_row use_custom_gutter=&#8221;on&#8221; gutter_width=&#8221;2&#8243; _builder_version=&#8221;4.9.0&#8243; custom_margin=&#8221;-3px|auto||auto||&#8221;][et_pb_column type=&#8221;4_4&#8243; _builder_version=&#8221;4.4.8&#8243;][et_pb_gallery gallery_ids=&#8221;831,832,834,835,836,837,838,839,840,841&#8243; orientation=&#8221;portrait&#8221; show_title_and_caption=&#8221;off&#8221; _builder_version=&#8221;4.9.0&#8243; _module_preset=&#8221;default&#8221;][\/et_pb_gallery][\/et_pb_column][\/et_pb_row][et_pb_row use_custom_gutter=&#8221;on&#8221; gutter_width=&#8221;2&#8243; _builder_version=&#8221;4.9.0&#8243; custom_margin=&#8221;-3px|auto||auto||&#8221; custom_padding=&#8221;||80px|||&#8221;][et_pb_column type=&#8221;4_4&#8243; _builder_version=&#8221;4.4.8&#8243;][et_pb_gallery gallery_ids=&#8221;842,843,844,845&#8243; orientation=&#8221;portrait&#8221; show_title_and_caption=&#8221;off&#8221; _builder_version=&#8221;4.9.0&#8243; _module_preset=&#8221;default&#8221;][\/et_pb_gallery][\/et_pb_column][\/et_pb_row][et_pb_row use_custom_gutter=&#8221;on&#8221; gutter_width=&#8221;2&#8243; _builder_version=&#8221;4.9.0&#8243; custom_margin=&#8221;-3px|auto||auto||&#8221;][et_pb_column type=&#8221;4_4&#8243; _builder_version=&#8221;4.4.8&#8243;][et_pb_gallery gallery_ids=&#8221;846,847,848,849,850,851,852,853,854&#8243; orientation=&#8221;portrait&#8221; show_title_and_caption=&#8221;off&#8221; _builder_version=&#8221;4.9.0&#8243; _module_preset=&#8221;default&#8221;][\/et_pb_gallery][\/et_pb_column][\/et_pb_row][et_pb_row use_custom_gutter=&#8221;on&#8221; gutter_width=&#8221;2&#8243; _builder_version=&#8221;4.9.0&#8243; custom_margin=&#8221;-3px|auto||auto||&#8221;][et_pb_column type=&#8221;4_4&#8243; _builder_version=&#8221;4.4.8&#8243;][et_pb_gallery gallery_ids=&#8221;855,856,857,858,859,860,861,862,863,864,865,866,867,868,869,870,871&#8243; orientation=&#8221;portrait&#8221; show_title_and_caption=&#8221;off&#8221; _builder_version=&#8221;4.9.0&#8243; _module_preset=&#8221;default&#8221;][\/et_pb_gallery][\/et_pb_column][\/et_pb_row][et_pb_row use_custom_gutter=&#8221;on&#8221; gutter_width=&#8221;2&#8243; _builder_version=&#8221;4.9.0&#8243; custom_margin=&#8221;-3px|auto||auto||&#8221;][et_pb_column type=&#8221;4_4&#8243; _builder_version=&#8221;4.4.8&#8243;][et_pb_gallery gallery_ids=&#8221;872,873,874,875,876,877,878,879,880,881&#8243; orientation=&#8221;portrait&#8221; show_title_and_caption=&#8221;off&#8221; _builder_version=&#8221;4.9.0&#8243; _module_preset=&#8221;default&#8221;][\/et_pb_gallery][\/et_pb_column][\/et_pb_row][et_pb_row _builder_version=&#8221;4.9.0&#8243; _module_preset=&#8221;default&#8221;][et_pb_column type=&#8221;4_4&#8243; _builder_version=&#8221;4.9.0&#8243; _module_preset=&#8221;default&#8221;][et_pb_text _builder_version=&#8221;4.9.2&#8243; header_2_font=&#8221;Kanit|700|||||||&#8221; header_2_text_color=&#8221;#000000&#8243; header_2_font_size=&#8221;48px&#8221; header_2_line_height=&#8221;1.1em&#8221; text_orientation=&#8221;center&#8221; header_2_font_size_tablet=&#8221;32px&#8221; header_2_font_size_phone=&#8221;22px&#8221; header_2_font_size_last_edited=&#8221;on|phone&#8221; locked=&#8221;off&#8221;]<\/p>\n<h2 bis_size=\"{&quot;x&quot;:11,&quot;y&quot;:19,&quot;w&quot;:375,&quot;h&quot;:36,&quot;abs_x&quot;:333,&quot;abs_y&quot;:536}\">Vide\u00f3k<\/h2>\n<p>[\/et_pb_text][\/et_pb_column][\/et_pb_row][et_pb_row column_structure=&#8221;1_2,1_2&#8243; _builder_version=&#8221;4.9.0&#8243; _module_preset=&#8221;default&#8221;][et_pb_column type=&#8221;1_2&#8243; _builder_version=&#8221;4.9.0&#8243; _module_preset=&#8221;default&#8221;][et_pb_video src=&#8221;https:\/\/profikomglass.sk\/wp-content\/uploads\/2021\/02\/VID_20200201_133153.mp4&#8243; _builder_version=&#8221;4.9.0&#8243; _module_preset=&#8221;default&#8221;][\/et_pb_video][\/et_pb_column][et_pb_column type=&#8221;1_2&#8243; _builder_version=&#8221;4.9.0&#8243; _module_preset=&#8221;default&#8221;][et_pb_video src=&#8221;https:\/\/profikomglass.sk\/wp-content\/uploads\/2021\/02\/VID_20201003_181920.mp4&#8243; _builder_version=&#8221;4.9.0&#8243; _module_preset=&#8221;default&#8221;][\/et_pb_video][\/et_pb_column][\/et_pb_row][\/et_pb_section]<\/p>\n","protected":false},"excerpt":{"rendered":"<p>Munk\u00e1k, melyekre b\u00fcszk\u00e9k vagyunkVide\u00f3k<\/p>\n","protected":false},"author":1,"featured_media":0,"parent":0,"menu_order":0,"comment_status":"closed","ping_status":"closed","template":"","meta":{"_et_pb_use_builder":"on","_et_pb_old_content":"","_et_gb_content_width":""},"yoast_head":"<!-- This site is optimized with the Yoast SEO plugin v20.2.1 - https:\/\/yoast.com\/wordpress\/plugins\/seo\/ -->\n<title>Referenci\u00e1k - ProfiKom-Glass s.r.o. | Okn\u00e1, dvere, pergoly, letn\u00e9 terasy<\/title>\n<meta name=\"description\" content=\"Sok-sok projekteket tudhatunk magunk m\u00f6g\u00f6tt, melyek bizony\u00edtj\u00e1k szak\u00e9rtelm\u00fcnk \u00e9s melyek sor\u00e1n t\u00f6bb \u00e9s t\u00f6bb tapasztalatot szerezt\u00fcnk.\" \/>\n<meta name=\"robots\" content=\"index, follow, max-snippet:-1, max-image-preview:large, max-video-preview:-1\" \/>\n<link rel=\"canonical\" href=\"https:\/\/profikomglass.sk\/hu\/referenciak\/\" \/>\n<meta property=\"og:locale\" content=\"hu_HU\" \/>\n<meta property=\"og:type\" content=\"article\" \/>\n<meta property=\"og:title\" content=\"Referenci\u00e1k - ProfiKom-Glass s.r.o. | Okn\u00e1, dvere, pergoly, letn\u00e9 terasy\" \/>\n<meta property=\"og:description\" content=\"Sok-sok projekteket tudhatunk magunk m\u00f6g\u00f6tt, melyek bizony\u00edtj\u00e1k szak\u00e9rtelm\u00fcnk \u00e9s melyek sor\u00e1n t\u00f6bb \u00e9s t\u00f6bb tapasztalatot szerezt\u00fcnk.\" \/>\n<meta property=\"og:url\" content=\"https:\/\/profikomglass.sk\/hu\/referenciak\/\" \/>\n<meta property=\"og:site_name\" content=\"ProfiKom-Glass s.r.o. | Okn\u00e1, dvere, pergoly, letn\u00e9 terasy\" \/>\n<meta property=\"article:modified_time\" content=\"2021-10-18T09:10:37+00:00\" \/>\n<meta name=\"twitter:card\" content=\"summary_large_image\" \/>\n<meta name=\"twitter:label1\" content=\"Becs\u00fclt olvas\u00e1si id\u0151\" \/>\n\t<meta name=\"twitter:data1\" content=\"2 perc\" \/>\n<script type=\"application\/ld+json\" class=\"yoast-schema-graph\">{\"@context\":\"https:\/\/schema.org\",\"@graph\":[{\"@type\":\"WebPage\",\"@id\":\"https:\/\/profikomglass.sk\/hu\/referenciak\/\",\"url\":\"https:\/\/profikomglass.sk\/hu\/referenciak\/\",\"name\":\"Referenci\u00e1k - ProfiKom-Glass s.r.o. | Okn\u00e1, dvere, pergoly, letn\u00e9 terasy\",\"isPartOf\":{\"@id\":\"https:\/\/profikomglass.sk\/hu\/#website\"},\"datePublished\":\"2021-03-21T19:19:30+00:00\",\"dateModified\":\"2021-10-18T09:10:37+00:00\",\"description\":\"Sok-sok projekteket tudhatunk magunk m\u00f6g\u00f6tt, melyek bizony\u00edtj\u00e1k szak\u00e9rtelm\u00fcnk \u00e9s melyek sor\u00e1n t\u00f6bb \u00e9s t\u00f6bb tapasztalatot szerezt\u00fcnk.\",\"breadcrumb\":{\"@id\":\"https:\/\/profikomglass.sk\/hu\/referenciak\/#breadcrumb\"},\"inLanguage\":\"hu\",\"potentialAction\":[{\"@type\":\"ReadAction\",\"target\":[\"https:\/\/profikomglass.sk\/hu\/referenciak\/\"]}]},{\"@type\":\"BreadcrumbList\",\"@id\":\"https:\/\/profikomglass.sk\/hu\/referenciak\/#breadcrumb\",\"itemListElement\":[{\"@type\":\"ListItem\",\"position\":1,\"name\":\"Domovsk\u00e1 str\u00e1nka\",\"item\":\"https:\/\/profikomglass.sk\/hu\/fooldal\/\"},{\"@type\":\"ListItem\",\"position\":2,\"name\":\"Referenci\u00e1k\"}]},{\"@type\":\"WebSite\",\"@id\":\"https:\/\/profikomglass.sk\/hu\/#website\",\"url\":\"https:\/\/profikomglass.sk\/hu\/\",\"name\":\"ProfiKom-Glass s.r.o. | Okn\u00e1, dvere, pergoly, letn\u00e9 terasy\",\"description\":\"\",\"potentialAction\":[{\"@type\":\"SearchAction\",\"target\":{\"@type\":\"EntryPoint\",\"urlTemplate\":\"https:\/\/profikomglass.sk\/hu\/?s={search_term_string}\"},\"query-input\":\"required name=search_term_string\"}],\"inLanguage\":\"hu\"}]}<\/script>\n<!-- \/ Yoast SEO plugin. -->","yoast_head_json":{"title":"Referenci\u00e1k - ProfiKom-Glass s.r.o. | Okn\u00e1, dvere, pergoly, letn\u00e9 terasy","description":"Sok-sok projekteket tudhatunk magunk m\u00f6g\u00f6tt, melyek bizony\u00edtj\u00e1k szak\u00e9rtelm\u00fcnk \u00e9s melyek sor\u00e1n t\u00f6bb \u00e9s t\u00f6bb tapasztalatot szerezt\u00fcnk.","robots":{"index":"index","follow":"follow","max-snippet":"max-snippet:-1","max-image-preview":"max-image-preview:large","max-video-preview":"max-video-preview:-1"},"canonical":"https:\/\/profikomglass.sk\/hu\/referenciak\/","og_locale":"hu_HU","og_type":"article","og_title":"Referenci\u00e1k - ProfiKom-Glass s.r.o. | Okn\u00e1, dvere, pergoly, letn\u00e9 terasy","og_description":"Sok-sok projekteket tudhatunk magunk m\u00f6g\u00f6tt, melyek bizony\u00edtj\u00e1k szak\u00e9rtelm\u00fcnk \u00e9s melyek sor\u00e1n t\u00f6bb \u00e9s t\u00f6bb tapasztalatot szerezt\u00fcnk.","og_url":"https:\/\/profikomglass.sk\/hu\/referenciak\/","og_site_name":"ProfiKom-Glass s.r.o. | Okn\u00e1, dvere, pergoly, letn\u00e9 terasy","article_modified_time":"2021-10-18T09:10:37+00:00","twitter_card":"summary_large_image","twitter_misc":{"Becs\u00fclt olvas\u00e1si id\u0151":"2 perc"},"schema":{"@context":"https:\/\/schema.org","@graph":[{"@type":"WebPage","@id":"https:\/\/profikomglass.sk\/hu\/referenciak\/","url":"https:\/\/profikomglass.sk\/hu\/referenciak\/","name":"Referenci\u00e1k - ProfiKom-Glass s.r.o. | Okn\u00e1, dvere, pergoly, letn\u00e9 terasy","isPartOf":{"@id":"https:\/\/profikomglass.sk\/hu\/#website"},"datePublished":"2021-03-21T19:19:30+00:00","dateModified":"2021-10-18T09:10:37+00:00","description":"Sok-sok projekteket tudhatunk magunk m\u00f6g\u00f6tt, melyek bizony\u00edtj\u00e1k szak\u00e9rtelm\u00fcnk \u00e9s melyek sor\u00e1n t\u00f6bb \u00e9s t\u00f6bb tapasztalatot szerezt\u00fcnk.","breadcrumb":{"@id":"https:\/\/profikomglass.sk\/hu\/referenciak\/#breadcrumb"},"inLanguage":"hu","potentialAction":[{"@type":"ReadAction","target":["https:\/\/profikomglass.sk\/hu\/referenciak\/"]}]},{"@type":"BreadcrumbList","@id":"https:\/\/profikomglass.sk\/hu\/referenciak\/#breadcrumb","itemListElement":[{"@type":"ListItem","position":1,"name":"Domovsk\u00e1 str\u00e1nka","item":"https:\/\/profikomglass.sk\/hu\/fooldal\/"},{"@type":"ListItem","position":2,"name":"Referenci\u00e1k"}]},{"@type":"WebSite","@id":"https:\/\/profikomglass.sk\/hu\/#website","url":"https:\/\/profikomglass.sk\/hu\/","name":"ProfiKom-Glass s.r.o. | Okn\u00e1, dvere, pergoly, letn\u00e9 terasy","description":"","potentialAction":[{"@type":"SearchAction","target":{"@type":"EntryPoint","urlTemplate":"https:\/\/profikomglass.sk\/hu\/?s={search_term_string}"},"query-input":"required name=search_term_string"}],"inLanguage":"hu"}]}},"_links":{"self":[{"href":"https:\/\/profikomglass.sk\/hu\/wp-json\/wp\/v2\/pages\/553"}],"collection":[{"href":"https:\/\/profikomglass.sk\/hu\/wp-json\/wp\/v2\/pages"}],"about":[{"href":"https:\/\/profikomglass.sk\/hu\/wp-json\/wp\/v2\/types\/page"}],"author":[{"embeddable":true,"href":"https:\/\/profikomglass.sk\/hu\/wp-json\/wp\/v2\/users\/1"}],"replies":[{"embeddable":true,"href":"https:\/\/profikomglass.sk\/hu\/wp-json\/wp\/v2\/comments?post=553"}],"version-history":[{"count":12,"href":"https:\/\/profikomglass.sk\/hu\/wp-json\/wp\/v2\/pages\/553\/revisions"}],"predecessor-version":[{"id":942,"href":"https:\/\/profikomglass.sk\/hu\/wp-json\/wp\/v2\/pages\/553\/revisions\/942"}],"wp:attachment":[{"href":"https:\/\/profikomglass.sk\/hu\/wp-json\/wp\/v2\/media?parent=553"}],"curies":[{"name":"wp","href":"https:\/\/api.w.org\/{rel}","templated":true}]}}